{"id":507,"date":"2016-05-11T13:48:14","date_gmt":"2016-05-11T13:48:14","guid":{"rendered":"http:\/\/wpoffice\/enfold-fitness\/?page_id=507"},"modified":"2019-11-16T18:19:01","modified_gmt":"2019-11-16T18:19:01","slug":"news","status":"publish","type":"page","link":"https:\/\/hexagon-offices.ro\/ro\/news\/","title":{"rendered":"Nout\u0103\u021bi"},"content":{"rendered":"<div id='full_slider_1'  class='avia-fullwidth-slider main_color avia-shadow av-mini-hide  avia-builder-el-0  el_before_av_one_full  avia-builder-el-first   container_wrap sidebar_right'  >\n<style type=\"text\/css\" data-created_by=\"avia_inline_auto\" id=\"style-css-av-2mibzq8-38d56ba2097734236fe1706560ce24bf\">\n#top #wrap_all .avia-slideshow .av-slideshow-caption.av-2mibzq8-38d56ba2097734236fe1706560ce24bf__0 .avia-caption-title{\nfont-size:70px;\n}\n#top .avia-slideshow .av-slideshow-caption.av-2mibzq8-38d56ba2097734236fe1706560ce24bf__0 .avia-caption-content{\nfont-size:38px;\n}\n#top .avia-slideshow .av-slideshow-caption.av-2mibzq8-38d56ba2097734236fe1706560ce24bf__0 .avia-caption-content p{\nfont-size:38px;\n}\n<\/style>\n<div  class='avia-slideshow av-2mibzq8-38d56ba2097734236fe1706560ce24bf avia-slideshow-featured av_slideshow_full avia-slide_up-slider av-mini-hide av-slideshow-ui av-control-minimal av-slideshow-manual av-loop-once av-loop-manual-endless av-default-height-applied   avia-slideshow-1' data-slideshow-options=\"{&quot;animation&quot;:&quot;slide_up&quot;,&quot;autoplay&quot;:false,&quot;loop_autoplay&quot;:&quot;once&quot;,&quot;interval&quot;:6,&quot;loop_manual&quot;:&quot;manual-endless&quot;,&quot;autoplay_stopper&quot;:false,&quot;noNavigation&quot;:false,&quot;bg_slider&quot;:false,&quot;keep_padding&quot;:false,&quot;hoverpause&quot;:false,&quot;show_slide_delay&quot;:0}\"  itemprop=\"image\" itemscope=\"itemscope\" itemtype=\"https:\/\/schema.org\/ImageObject\" ><ul class='avia-slideshow-inner' style='padding-bottom: 28.666666666667%;'><li  class='avia-slideshow-slide av-2mibzq8-38d56ba2097734236fe1706560ce24bf__0  av-single-slide slide-1 slide-odd'><div data-rel='slideshow-1' class='avia-slide-wrap'   ><div class='av-slideshow-caption av-2mibzq8-38d56ba2097734236fe1706560ce24bf__0 caption_fullwidth caption_center caption_center_framed caption_framed'><div class=\"container caption_container\"><div class=\"slideshow_caption\"><div class=\"slideshow_inner_caption\"><div class=\"slideshow_align_caption\"><h2 class='avia-caption-title'  itemprop=\"name\" >NOI SUNTEM <br \/><strong>HEXAGON OFFICES.<\/strong><\/h2><div class='avia-caption-content av_inherit_color'  itemprop=\"description\" ><p>nout\u0103\u021bi<\/p>\n<\/div><\/div><\/div><\/div><\/div><\/div><img decoding=\"async\" fetchpriority=\"high\" class=\"wp-image-3331 avia-img-lazy-loading-not-3331\"  src=\"https:\/\/hexagon-offices.ro\/wp-content\/uploads\/2019\/10\/2x-1500x430.jpg\" width=\"1500\" height=\"430\" title='2x' alt=''  itemprop=\"thumbnailUrl\"   \/><div class='av-section-color-overlay' style='opacity: 0.4; background-color: #0a0a0a; '><\/div><\/div><\/li><\/ul><\/div><\/div><div id='after_full_slider_1'  class='main_color av_default_container_wrap container_wrap sidebar_right'  ><div class='container av-section-cont-open' ><div class='template-page content  av-content-small alpha units'><div class='post-entry post-entry-type-page post-entry-507'><div class='entry-content-wrapper clearfix'>\n\n<style type=\"text\/css\" data-created_by=\"avia_inline_auto\" id=\"style-css-av-89hhv-b99f9f1d177d62ed394219a39ac5b4a4\">\n.flex_column.av-89hhv-b99f9f1d177d62ed394219a39ac5b4a4{\nborder-radius:0px 0px 0px 0px;\npadding:0px 0px 0px 0px;\n}\n<\/style>\n<div  class='flex_column av-89hhv-b99f9f1d177d62ed394219a39ac5b4a4 av_one_full  avia-builder-el-1  el_after_av_slideshow_full  avia-builder-el-no-sibling  first flex_column_div av-zero-column-padding'     ><div  data-slideshow-options=\"{&quot;animation&quot;:&quot;fade&quot;,&quot;autoplay&quot;:false,&quot;loop_autoplay&quot;:&quot;once&quot;,&quot;interval&quot;:5,&quot;loop_manual&quot;:&quot;manual-endless&quot;,&quot;autoplay_stopper&quot;:false,&quot;noNavigation&quot;:false,&quot;show_slide_delay&quot;:90}\" class='avia-content-slider avia-content-grid-active avia-content-slider1 avia-content-slider-even  avia-builder-el-2  avia-builder-el-no-sibling  av-slideshow-ui av-control-default   av-no-slider-navigation av-slideshow-manual av-loop-once av-loop-manual-endless'  itemscope=\"itemscope\" itemtype=\"https:\/\/schema.org\/Blog\" ><div class=\"avia-content-slider-inner\"><div class=\"slide-entry-wrap\"><article class='slide-entry flex_column  post-entry post-entry-3091 slide-entry-overview slide-loop-1 slide-parity-odd  av_one_half first real-thumbnail posttype-post post-format-standard'  itemscope=\"itemscope\" itemtype=\"https:\/\/schema.org\/CreativeWork\" ><a href='https:\/\/hexagon-offices.ro\/ro\/the-office-spaces-of-the-future\/' data-rel='slide-1' class='slide-image' title='Spa\u021biile de birouri ale viitorului'><img decoding=\"async\" fetchpriority=\"high\" width=\"667\" height=\"375\" src=\"https:\/\/hexagon-offices.ro\/wp-content\/uploads\/2019\/07\/future-office-space.jpg\" class=\"wp-image-3092 avia-img-lazy-loading-not-3092 attachment-magazine size-magazine wp-post-image\" alt=\"\" srcset=\"https:\/\/hexagon-offices.ro\/wp-content\/uploads\/2019\/07\/future-office-space.jpg 1920w, https:\/\/hexagon-offices.ro\/wp-content\/uploads\/2019\/07\/future-office-space-300x169.jpg 300w, https:\/\/hexagon-offices.ro\/wp-content\/uploads\/2019\/07\/future-office-space-768x432.jpg 768w, https:\/\/hexagon-offices.ro\/wp-content\/uploads\/2019\/07\/future-office-space-1024x576.jpg 1024w, https:\/\/hexagon-offices.ro\/wp-content\/uploads\/2019\/07\/future-office-space-600x338.jpg 600w\" sizes=\"(max-width: 667px) 100vw, 667px\" \/><\/a><div class=\"slide-content\"><header class=\"entry-content-header\" aria-label=\"Slider: The office spaces of the future\"><h3 class='slide-entry-title entry-title'  itemprop=\"headline\" ><a href='https:\/\/hexagon-offices.ro\/ro\/the-office-spaces-of-the-future\/' title='Spa\u021biile de birouri ale viitorului'>Spa\u021biile de birouri ale viitorului<\/a><\/h3><span class=\"av-vertical-delimiter\"><\/span><\/header><\/div><footer class=\"entry-footer\"><\/footer><span class='hidden'>\n\t\t\t\t<span class='av-structured-data'  itemprop=\"image\" itemscope=\"itemscope\" itemtype=\"https:\/\/schema.org\/ImageObject\" >\n\t\t\t\t\t\t<span itemprop='url'>https:\/\/hexagon-offices.ro\/wp-content\/uploads\/2019\/07\/future-office-space.jpg<\/span>\n\t\t\t\t\t\t<span itemprop='height'>1080<\/span>\n\t\t\t\t\t\t<span itemprop='width'>1920<\/span>\n\t\t\t\t<\/span>\n\t\t\t\t<span class='av-structured-data'  itemprop=\"publisher\" itemtype=\"https:\/\/schema.org\/Organization\" itemscope=\"itemscope\" >\n\t\t\t\t\t\t<span itemprop='name'>Cleo<\/span>\n\t\t\t\t\t\t<span itemprop='logo' itemscope itemtype='https:\/\/schema.org\/ImageObject'>\n\t\t\t\t\t\t\t<span itemprop='url'>https:\/\/hexagon-offices.ro\/wp-content\/uploads\/2019\/11\/Logo.png<\/span>\n\t\t\t\t\t\t<\/span>\n\t\t\t\t<\/span><span class='av-structured-data'  itemprop=\"author\" itemscope=\"itemscope\" itemtype=\"https:\/\/schema.org\/Person\" ><span itemprop='name'>Cleo<\/span><\/span><span class='av-structured-data'  itemprop=\"datePublished\" datetime=\"2016-05-11T13:48:14+00:00\" >2019-06-29 10:40:18<\/span><span class='av-structured-data'  itemprop=\"dateModified\" itemtype=\"https:\/\/schema.org\/dateModified\" >2019-11-17 10:41:19<\/span><span class='av-structured-data'  itemprop=\"mainEntityOfPage\" itemtype=\"https:\/\/schema.org\/mainEntityOfPage\" ><span itemprop='name'>Spa\u021biile de birouri ale viitorului<\/span><\/span><\/span><\/article><article class='slide-entry flex_column  post-entry post-entry-3066 slide-entry-overview slide-loop-2 slide-parity-even  av_one_half  real-thumbnail posttype-post post-format-standard'  itemscope=\"itemscope\" itemtype=\"https:\/\/schema.org\/CreativeWork\" ><a href='https:\/\/hexagon-offices.ro\/ro\/hexagon-offices-the-newest-office-building-inaugurated-in-cluj-napoca\/' data-rel='slide-1' class='slide-image' title='Hexagon Offices &#8211; the newest office building inaugurated in Cluj-Napoca'><img decoding=\"async\" fetchpriority=\"high\" width=\"668\" height=\"375\" src=\"https:\/\/hexagon-offices.ro\/wp-content\/uploads\/2019\/06\/Hexagon_Offices_001.jpg\" class=\"wp-image-3042 avia-img-lazy-loading-not-3042 attachment-magazine size-magazine wp-post-image\" alt=\"\" srcset=\"https:\/\/hexagon-offices.ro\/wp-content\/uploads\/2019\/06\/Hexagon_Offices_001.jpg 2048w, https:\/\/hexagon-offices.ro\/wp-content\/uploads\/2019\/06\/Hexagon_Offices_001-300x168.jpg 300w, https:\/\/hexagon-offices.ro\/wp-content\/uploads\/2019\/06\/Hexagon_Offices_001-768x431.jpg 768w, https:\/\/hexagon-offices.ro\/wp-content\/uploads\/2019\/06\/Hexagon_Offices_001-1024x575.jpg 1024w, https:\/\/hexagon-offices.ro\/wp-content\/uploads\/2019\/06\/Hexagon_Offices_001-600x337.jpg 600w\" sizes=\"(max-width: 668px) 100vw, 668px\" \/><\/a><div class=\"slide-content\"><header class=\"entry-content-header\" aria-label=\"Slider: Hexagon Offices - the newest office building inaugurated in Cluj-Napoca\"><h3 class='slide-entry-title entry-title'  itemprop=\"headline\" ><a href='https:\/\/hexagon-offices.ro\/ro\/hexagon-offices-the-newest-office-building-inaugurated-in-cluj-napoca\/' title='Hexagon Offices &#8211; the newest office building inaugurated in Cluj-Napoca'>Hexagon Offices - cea mai nou\u0103 cl\u0103dire de birouri inaugurat\u0103 \u00een Cluj-Napoca<\/a><\/h3><span class=\"av-vertical-delimiter\"><\/span><\/header><\/div><footer class=\"entry-footer\"><\/footer><span class='hidden'>\n\t\t\t\t<span class='av-structured-data'  itemprop=\"image\" itemscope=\"itemscope\" itemtype=\"https:\/\/schema.org\/ImageObject\" >\n\t\t\t\t\t\t<span itemprop='url'>https:\/\/hexagon-offices.ro\/wp-content\/uploads\/2019\/06\/Hexagon_Offices_001.jpg<\/span>\n\t\t\t\t\t\t<span itemprop='height'>1150<\/span>\n\t\t\t\t\t\t<span itemprop='width'>2048<\/span>\n\t\t\t\t<\/span>\n\t\t\t\t<span class='av-structured-data'  itemprop=\"publisher\" itemtype=\"https:\/\/schema.org\/Organization\" itemscope=\"itemscope\" >\n\t\t\t\t\t\t<span itemprop='name'>Cleo<\/span>\n\t\t\t\t\t\t<span itemprop='logo' itemscope itemtype='https:\/\/schema.org\/ImageObject'>\n\t\t\t\t\t\t\t<span itemprop='url'>https:\/\/hexagon-offices.ro\/wp-content\/uploads\/2019\/11\/Logo.png<\/span>\n\t\t\t\t\t\t<\/span>\n\t\t\t\t<\/span><span class='av-structured-data'  itemprop=\"author\" itemscope=\"itemscope\" itemtype=\"https:\/\/schema.org\/Person\" ><span itemprop='name'>Cleo<\/span><\/span><span class='av-structured-data'  itemprop=\"datePublished\" datetime=\"2016-05-11T13:48:14+00:00\" >2019-05-29 09:04:17<\/span><span class='av-structured-data'  itemprop=\"dateModified\" itemtype=\"https:\/\/schema.org\/dateModified\" >2019-11-17 10:42:35<\/span><span class='av-structured-data'  itemprop=\"mainEntityOfPage\" itemtype=\"https:\/\/schema.org\/mainEntityOfPage\" ><span itemprop='name'>Hexagon Offices - cea mai nou\u0103 cl\u0103dire de birouri inaugurat\u0103 \u00een Cluj-Napoca<\/span><\/span><\/span><\/article><\/div><div class=\"slide-entry-wrap\"><article class='slide-entry flex_column  post-entry post-entry-3036 slide-entry-overview slide-loop-3 slide-parity-odd  av_one_half first real-thumbnail posttype-post post-format-standard'  itemscope=\"itemscope\" itemtype=\"https:\/\/schema.org\/CreativeWork\" ><a href='https:\/\/hexagon-offices.ro\/ro\/the-great-kesz-projects-in-romania\/' data-rel='slide-1' class='slide-image' title='Marile proiecte K\u00e9sz din Rom\u00e2nia'><img decoding=\"async\" fetchpriority=\"high\" width=\"667\" height=\"375\" src=\"https:\/\/hexagon-offices.ro\/wp-content\/uploads\/2019\/05\/postare-blog-aprilie.jpg\" class=\"wp-image-3030 avia-img-lazy-loading-not-3030 attachment-magazine size-magazine wp-post-image\" alt=\"\" srcset=\"https:\/\/hexagon-offices.ro\/wp-content\/uploads\/2019\/05\/postare-blog-aprilie.jpg 2048w, https:\/\/hexagon-offices.ro\/wp-content\/uploads\/2019\/05\/postare-blog-aprilie-300x169.jpg 300w, https:\/\/hexagon-offices.ro\/wp-content\/uploads\/2019\/05\/postare-blog-aprilie-768x432.jpg 768w, https:\/\/hexagon-offices.ro\/wp-content\/uploads\/2019\/05\/postare-blog-aprilie-1024x576.jpg 1024w, https:\/\/hexagon-offices.ro\/wp-content\/uploads\/2019\/05\/postare-blog-aprilie-600x338.jpg 600w\" sizes=\"(max-width: 667px) 100vw, 667px\" \/><\/a><div class=\"slide-content\"><header class=\"entry-content-header\" aria-label=\"Slider: THE GREAT K\u00c9SZ PROJECTS IN ROMANIA\"><h3 class='slide-entry-title entry-title'  itemprop=\"headline\" ><a href='https:\/\/hexagon-offices.ro\/ro\/the-great-kesz-projects-in-romania\/' title='Marile proiecte K\u00e9sz din Rom\u00e2nia'>Marile proiecte K\u00e9sz din Rom\u00e2nia<\/a><\/h3><span class=\"av-vertical-delimiter\"><\/span><\/header><\/div><footer class=\"entry-footer\"><\/footer><span class='hidden'>\n\t\t\t\t<span class='av-structured-data'  itemprop=\"image\" itemscope=\"itemscope\" itemtype=\"https:\/\/schema.org\/ImageObject\" >\n\t\t\t\t\t\t<span itemprop='url'>https:\/\/hexagon-offices.ro\/wp-content\/uploads\/2019\/05\/postare-blog-aprilie.jpg<\/span>\n\t\t\t\t\t\t<span itemprop='height'>1152<\/span>\n\t\t\t\t\t\t<span itemprop='width'>2048<\/span>\n\t\t\t\t<\/span>\n\t\t\t\t<span class='av-structured-data'  itemprop=\"publisher\" itemtype=\"https:\/\/schema.org\/Organization\" itemscope=\"itemscope\" >\n\t\t\t\t\t\t<span itemprop='name'>Cleo<\/span>\n\t\t\t\t\t\t<span itemprop='logo' itemscope itemtype='https:\/\/schema.org\/ImageObject'>\n\t\t\t\t\t\t\t<span itemprop='url'>https:\/\/hexagon-offices.ro\/wp-content\/uploads\/2019\/11\/Logo.png<\/span>\n\t\t\t\t\t\t<\/span>\n\t\t\t\t<\/span><span class='av-structured-data'  itemprop=\"author\" itemscope=\"itemscope\" itemtype=\"https:\/\/schema.org\/Person\" ><span itemprop='name'>Cleo<\/span><\/span><span class='av-structured-data'  itemprop=\"datePublished\" datetime=\"2016-05-11T13:48:14+00:00\" >2019-04-19 14:55:15<\/span><span class='av-structured-data'  itemprop=\"dateModified\" itemtype=\"https:\/\/schema.org\/dateModified\" >2019-11-17 10:43:00<\/span><span class='av-structured-data'  itemprop=\"mainEntityOfPage\" itemtype=\"https:\/\/schema.org\/mainEntityOfPage\" ><span itemprop='name'>Marile proiecte K\u00e9sz din Rom\u00e2nia<\/span><\/span><\/span><\/article><article class='slide-entry flex_column  post-entry post-entry-3018 slide-entry-overview slide-loop-4 slide-parity-even  av_one_half  real-thumbnail posttype-post post-format-standard'  itemscope=\"itemscope\" itemtype=\"https:\/\/schema.org\/CreativeWork\" ><a href='https:\/\/hexagon-offices.ro\/ro\/five-reasons-for-choosing-hexagon-offices\/' data-rel='slide-1' class='slide-image' title='Cinci motive pentru care merit\u0103 s\u0103 alegi Hexagon Offices'><img decoding=\"async\" fetchpriority=\"high\" width=\"667\" height=\"375\" src=\"https:\/\/hexagon-offices.ro\/wp-content\/uploads\/2019\/04\/A-place-for-_Work-Life-Pleasure_-1.jpg\" class=\"wp-image-3019 avia-img-lazy-loading-not-3019 attachment-magazine size-magazine wp-post-image\" alt=\"\" srcset=\"https:\/\/hexagon-offices.ro\/wp-content\/uploads\/2019\/04\/A-place-for-_Work-Life-Pleasure_-1.jpg 2048w, https:\/\/hexagon-offices.ro\/wp-content\/uploads\/2019\/04\/A-place-for-_Work-Life-Pleasure_-1-300x169.jpg 300w, https:\/\/hexagon-offices.ro\/wp-content\/uploads\/2019\/04\/A-place-for-_Work-Life-Pleasure_-1-768x432.jpg 768w, https:\/\/hexagon-offices.ro\/wp-content\/uploads\/2019\/04\/A-place-for-_Work-Life-Pleasure_-1-1024x576.jpg 1024w, https:\/\/hexagon-offices.ro\/wp-content\/uploads\/2019\/04\/A-place-for-_Work-Life-Pleasure_-1-600x338.jpg 600w\" sizes=\"(max-width: 667px) 100vw, 667px\" \/><\/a><div class=\"slide-content\"><header class=\"entry-content-header\" aria-label=\"Slider: Five reasons for choosing Hexagon Offices\"><h3 class='slide-entry-title entry-title'  itemprop=\"headline\" ><a href='https:\/\/hexagon-offices.ro\/ro\/five-reasons-for-choosing-hexagon-offices\/' title='Cinci motive pentru care merit\u0103 s\u0103 alegi Hexagon Offices'>Cinci motive pentru care merit\u0103 s\u0103 alegi Hexagon Offices<\/a><\/h3><span class=\"av-vertical-delimiter\"><\/span><\/header><\/div><footer class=\"entry-footer\"><\/footer><span class='hidden'>\n\t\t\t\t<span class='av-structured-data'  itemprop=\"image\" itemscope=\"itemscope\" itemtype=\"https:\/\/schema.org\/ImageObject\" >\n\t\t\t\t\t\t<span itemprop='url'>https:\/\/hexagon-offices.ro\/wp-content\/uploads\/2019\/04\/A-place-for-_Work-Life-Pleasure_-1.jpg<\/span>\n\t\t\t\t\t\t<span itemprop='height'>1152<\/span>\n\t\t\t\t\t\t<span itemprop='width'>2048<\/span>\n\t\t\t\t<\/span>\n\t\t\t\t<span class='av-structured-data'  itemprop=\"publisher\" itemtype=\"https:\/\/schema.org\/Organization\" itemscope=\"itemscope\" >\n\t\t\t\t\t\t<span itemprop='name'>Cleo<\/span>\n\t\t\t\t\t\t<span itemprop='logo' itemscope itemtype='https:\/\/schema.org\/ImageObject'>\n\t\t\t\t\t\t\t<span itemprop='url'>https:\/\/hexagon-offices.ro\/wp-content\/uploads\/2019\/11\/Logo.png<\/span>\n\t\t\t\t\t\t<\/span>\n\t\t\t\t<\/span><span class='av-structured-data'  itemprop=\"author\" itemscope=\"itemscope\" itemtype=\"https:\/\/schema.org\/Person\" ><span itemprop='name'>Cleo<\/span><\/span><span class='av-structured-data'  itemprop=\"datePublished\" datetime=\"2016-05-11T13:48:14+00:00\" >2019-03-23 09:35:21<\/span><span class='av-structured-data'  itemprop=\"dateModified\" itemtype=\"https:\/\/schema.org\/dateModified\" >2019-11-17 10:43:08<\/span><span class='av-structured-data'  itemprop=\"mainEntityOfPage\" itemtype=\"https:\/\/schema.org\/mainEntityOfPage\" ><span itemprop='name'>Cinci motive pentru care merit\u0103 s\u0103 alegi Hexagon Offices<\/span><\/span><\/span><\/article><\/div><div class=\"slide-entry-wrap\"><article class='slide-entry flex_column  post-entry post-entry-2974 slide-entry-overview slide-loop-5 slide-parity-odd  av_one_half first real-thumbnail posttype-post post-format-standard'  itemscope=\"itemscope\" itemtype=\"https:\/\/schema.org\/CreativeWork\" ><a href='https:\/\/hexagon-offices.ro\/ro\/18-gym-a-new-location-in-the-hexagon-offices-complex\/' data-rel='slide-1' class='slide-image' title='18 Gym \u2013 o nou\u0103 loca\u021bie \u00een complexul Hexagon Offices'><img decoding=\"async\" fetchpriority=\"high\" width=\"667\" height=\"375\" src=\"https:\/\/hexagon-offices.ro\/wp-content\/uploads\/2019\/02\/imagine-articol.jpg\" class=\"wp-image-2949 avia-img-lazy-loading-not-2949 attachment-magazine size-magazine wp-post-image\" alt=\"\" srcset=\"https:\/\/hexagon-offices.ro\/wp-content\/uploads\/2019\/02\/imagine-articol.jpg 1920w, https:\/\/hexagon-offices.ro\/wp-content\/uploads\/2019\/02\/imagine-articol-300x169.jpg 300w, https:\/\/hexagon-offices.ro\/wp-content\/uploads\/2019\/02\/imagine-articol-768x432.jpg 768w, https:\/\/hexagon-offices.ro\/wp-content\/uploads\/2019\/02\/imagine-articol-1024x576.jpg 1024w, https:\/\/hexagon-offices.ro\/wp-content\/uploads\/2019\/02\/imagine-articol-600x338.jpg 600w\" sizes=\"(max-width: 667px) 100vw, 667px\" \/><\/a><div class=\"slide-content\"><header class=\"entry-content-header\" aria-label=\"Slider: 18 Gym - a new location in the Hexagon Offices complex\"><h3 class='slide-entry-title entry-title'  itemprop=\"headline\" ><a href='https:\/\/hexagon-offices.ro\/ro\/18-gym-a-new-location-in-the-hexagon-offices-complex\/' title='18 Gym \u2013 o nou\u0103 loca\u021bie \u00een complexul Hexagon Offices'>18 Gym \u2013 o nou\u0103 loca\u021bie \u00een complexul Hexagon Offices<\/a><\/h3><span class=\"av-vertical-delimiter\"><\/span><\/header><\/div><footer class=\"entry-footer\"><\/footer><span class='hidden'>\n\t\t\t\t<span class='av-structured-data'  itemprop=\"image\" itemscope=\"itemscope\" itemtype=\"https:\/\/schema.org\/ImageObject\" >\n\t\t\t\t\t\t<span itemprop='url'>https:\/\/hexagon-offices.ro\/wp-content\/uploads\/2019\/02\/imagine-articol.jpg<\/span>\n\t\t\t\t\t\t<span itemprop='height'>1080<\/span>\n\t\t\t\t\t\t<span itemprop='width'>1920<\/span>\n\t\t\t\t<\/span>\n\t\t\t\t<span class='av-structured-data'  itemprop=\"publisher\" itemtype=\"https:\/\/schema.org\/Organization\" itemscope=\"itemscope\" >\n\t\t\t\t\t\t<span itemprop='name'>Cleo<\/span>\n\t\t\t\t\t\t<span itemprop='logo' itemscope itemtype='https:\/\/schema.org\/ImageObject'>\n\t\t\t\t\t\t\t<span itemprop='url'>https:\/\/hexagon-offices.ro\/wp-content\/uploads\/2019\/11\/Logo.png<\/span>\n\t\t\t\t\t\t<\/span>\n\t\t\t\t<\/span><span class='av-structured-data'  itemprop=\"author\" itemscope=\"itemscope\" itemtype=\"https:\/\/schema.org\/Person\" ><span itemprop='name'>Cleo<\/span><\/span><span class='av-structured-data'  itemprop=\"datePublished\" datetime=\"2016-05-11T13:48:14+00:00\" >2019-02-18 13:42:24<\/span><span class='av-structured-data'  itemprop=\"dateModified\" itemtype=\"https:\/\/schema.org\/dateModified\" >2019-11-17 10:43:16<\/span><span class='av-structured-data'  itemprop=\"mainEntityOfPage\" itemtype=\"https:\/\/schema.org\/mainEntityOfPage\" ><span itemprop='name'>18 Gym \u2013 o nou\u0103 loca\u021bie \u00een complexul Hexagon Offices<\/span><\/span><\/span><\/article><article class='slide-entry flex_column  post-entry post-entry-2922 slide-entry-overview slide-loop-6 slide-parity-even  post-entry-last  av_one_half  real-thumbnail posttype-post post-format-standard'  itemscope=\"itemscope\" itemtype=\"https:\/\/schema.org\/CreativeWork\" ><a href='https:\/\/hexagon-offices.ro\/ro\/behind-the-kesz-projects-rehabilitation-of-st-michaels-cathedral-in-cluj-napoca\/' data-rel='slide-1' class='slide-image' title='\u00ceN SPATELE MARILOR PROIECTE K\u00c9SZ \u2013 Reabilitarea catedralei Sf\u00e2ntul Mihail din Cluj-Napoca'><img decoding=\"async\" fetchpriority=\"high\" width=\"710\" height=\"375\" src=\"https:\/\/hexagon-offices.ro\/wp-content\/uploads\/2019\/01\/Bis-710x375.jpg\" class=\"wp-image-3591 avia-img-lazy-loading-not-3591 attachment-magazine size-magazine wp-post-image\" alt=\"\" \/><\/a><div class=\"slide-content\"><header class=\"entry-content-header\" aria-label=\"Slider: BEHIND THE K\u00c9SZ PROJECTS - Rehabilitation of St. Michael&#039;s Cathedral in Cluj-Napoca\"><h3 class='slide-entry-title entry-title'  itemprop=\"headline\" ><a href='https:\/\/hexagon-offices.ro\/ro\/behind-the-kesz-projects-rehabilitation-of-st-michaels-cathedral-in-cluj-napoca\/' title='\u00ceN SPATELE MARILOR PROIECTE K\u00c9SZ \u2013 Reabilitarea catedralei Sf\u00e2ntul Mihail din Cluj-Napoca'>\u00ceN SPATELE MARILOR PROIECTE K\u00c9SZ \u2013 Reabilitarea catedralei Sf\u00e2ntul Mihail din Cluj-Napoca<\/a><\/h3><span class=\"av-vertical-delimiter\"><\/span><\/header><\/div><footer class=\"entry-footer\"><\/footer><span class='hidden'>\n\t\t\t\t<span class='av-structured-data'  itemprop=\"image\" itemscope=\"itemscope\" itemtype=\"https:\/\/schema.org\/ImageObject\" >\n\t\t\t\t\t\t<span itemprop='url'>https:\/\/hexagon-offices.ro\/wp-content\/uploads\/2019\/01\/Bis.jpg<\/span>\n\t\t\t\t\t\t<span itemprop='height'>576<\/span>\n\t\t\t\t\t\t<span itemprop='width'>1024<\/span>\n\t\t\t\t<\/span>\n\t\t\t\t<span class='av-structured-data'  itemprop=\"publisher\" itemtype=\"https:\/\/schema.org\/Organization\" itemscope=\"itemscope\" >\n\t\t\t\t\t\t<span itemprop='name'>Cleo<\/span>\n\t\t\t\t\t\t<span itemprop='logo' itemscope itemtype='https:\/\/schema.org\/ImageObject'>\n\t\t\t\t\t\t\t<span itemprop='url'>https:\/\/hexagon-offices.ro\/wp-content\/uploads\/2019\/11\/Logo.png<\/span>\n\t\t\t\t\t\t<\/span>\n\t\t\t\t<\/span><span class='av-structured-data'  itemprop=\"author\" itemscope=\"itemscope\" itemtype=\"https:\/\/schema.org\/Person\" ><span itemprop='name'>Cleo<\/span><\/span><span class='av-structured-data'  itemprop=\"datePublished\" datetime=\"2016-05-11T13:48:14+00:00\" >2019-01-24 11:48:44<\/span><span class='av-structured-data'  itemprop=\"dateModified\" itemtype=\"https:\/\/schema.org\/dateModified\" >2019-11-17 10:43:21<\/span><span class='av-structured-data'  itemprop=\"mainEntityOfPage\" itemtype=\"https:\/\/schema.org\/mainEntityOfPage\" ><span itemprop='name'>\u00ceN SPATELE MARILOR PROIECTE K\u00c9SZ \u2013 Reabilitarea catedralei Sf\u00e2ntul Mihail din Cluj-Napoca<\/span><\/span><\/span><\/article><\/div><\/div><div class='pagination-wrap pagination-slider'><nav class='pagination'><span class='pagination-meta'>Pagina 1 din 2<\/span><span class='current'>1<\/span><a href='https:\/\/hexagon-offices.ro\/ro\/wp-json\/wp\/v2\/pages\/507\/?avia-element-paging=2' class='inactive next_page' >2<\/a><\/nav>\n<\/div><\/div><\/div>","protected":false},"excerpt":{"rendered":"","protected":false},"author":1,"featured_media":0,"parent":0,"menu_order":0,"comment_status":"closed","ping_status":"closed","template":"","meta":{"footnotes":""},"class_list":["post-507","page","type-page","status-publish","hentry"],"_links":{"self":[{"href":"https:\/\/hexagon-offices.ro\/ro\/wp-json\/wp\/v2\/pages\/507"}],"collection":[{"href":"https:\/\/hexagon-offices.ro\/ro\/wp-json\/wp\/v2\/pages"}],"about":[{"href":"https:\/\/hexagon-offices.ro\/ro\/wp-json\/wp\/v2\/types\/page"}],"author":[{"embeddable":true,"href":"https:\/\/hexagon-offices.ro\/ro\/wp-json\/wp\/v2\/users\/1"}],"replies":[{"embeddable":true,"href":"https:\/\/hexagon-offices.ro\/ro\/wp-json\/wp\/v2\/comments?post=507"}],"version-history":[{"count":8,"href":"https:\/\/hexagon-offices.ro\/ro\/wp-json\/wp\/v2\/pages\/507\/revisions"}],"predecessor-version":[{"id":3588,"href":"https:\/\/hexagon-offices.ro\/ro\/wp-json\/wp\/v2\/pages\/507\/revisions\/3588"}],"wp:attachment":[{"href":"https:\/\/hexagon-offices.ro\/ro\/wp-json\/wp\/v2\/media?parent=507"}],"curies":[{"name":"wp","href":"https:\/\/api.w.org\/{rel}","templated":true}]}}